{"id":3853,"date":"2021-05-14T16:13:56","date_gmt":"2021-05-14T16:13:56","guid":{"rendered":"http:\/\/www.giopatti.com\/?page_id=3853"},"modified":"2023-01-30T08:15:07","modified_gmt":"2023-01-30T08:15:07","slug":"biografia","status":"publish","type":"page","link":"https:\/\/www.giopatti.com\/?page_id=3853","title":{"rendered":"Biografia"},"content":{"rendered":"\n    \n    <section class=\"skrollable u-clearfix u-image u-parallax u-section-2\" src=\"\" id=\"carousel_fae9\" data-image-width=\"857\" data-image-height=\"857\">\n      <div class=\"u-clearfix u-sheet u-sheet-1\"><\/div>\n    <\/section>\n    <section class=\"u-align-center u-clearfix u-section-3\" id=\"sec-c01a\">\n      <div class=\"u-clearfix u-sheet u-sheet-1\">\n        <div class=\"fr-view u-clearfix u-rich-text u-text u-text-1\" data-animation-name=\"fadeIn\" data-animation-duration=\"1000\" data-animation-delay=\"0\" data-animation-direction=\"Down\">\n          <h1 style=\"text-align: center;\">\n            <span style=\"font-weight: 700;\">Biografia di Gi\u00f2 Patti<\/span>\n          <\/h1>\n          <p>\n            <span style=\"font-size: 1.5rem; font-weight: 700;\">Cantautore e musicista poliedrico, comincia a vivere la sua pi\u00f9 grande passione all'et\u00e0 di 6 anni fingendo di suonare una chitarra che inizia a studiare all'et\u00e0 di 14 anni, insieme ad un'amica, con cui sogna di diventare un cantante professionista. Il suo interesse musicale spazia dal soul al blues, per il rock ed il jazz ma poi riconosce che il pop \u00e8 dove si esprime con la semplicit\u00e0 di un ragazzo, rimanendo se stesso, perch\u00e9 con questa qualit\u00e0 crede che si possa trovare la perfetta sintonia di comunicazione per muovere profonde e genuine emozioni. Proprio cos\u00ec che nasce la voglia di scrivere canzoni, che lo porta a vivere molte collaborazioni attraverso studi accademici e palco, acquisendo esperienza musicale per cantare l'amore, un potente sentimento incondizionatamente libero da tutte le condizioni.<\/span>\n          <\/p>\n          <p>\n            <br>\n          <\/p>\n          <p>\n            <span style=\"font-size: 1.5rem;\">\n              <span style=\"font-weight: 700;\">&nbsp;Inizia a viaggiare ed affacciarsi alla musica dei Beatles e degli anni '70, trasferendosi nella Gran Bretagna, dove per 5 anni frequenta corsi di chitarra e si esibisce in alcuni locali di Londra.<\/span>\n            <\/span>\n          <\/p>\n          <p>\n            <span style=\"font-size: 1.5rem;\">\n              <span style=\"font-weight: 700;\">Al suo rientro in Italia, inizia a formarsi musicalmente con il Maestro Federico Capranica, &nbsp;&nbsp;<\/span>\n              <span style=\"font-weight: 700;\">&nbsp;&nbsp;che gli offre un'opportunit\u00e0 in qualit\u00e0 di corista e solista insieme al Coro Altavoce; formazione di 40 elementi con la quale partecipa per 4 anni con performance in teatri e concerti, cui per lui indelebili rimangono \u201cPalalottomatica\u201d con il comico Enrico Brignano e \"Auditorium della Conciliazione di Roma\" con l'artista James Taylor.<\/span>\n            <\/span>\n          <\/p>\n          <p>\n            <span style=\"font-size: 1.5rem;\">\n              <span style=\"font-weight: 700;\">Studia con Elsa Baldini e Fulvio Tomaino per poi sviluppare i suoi studi accademici alla scuola \u201cSaint Louis College of Music\u201d a Roma per 5 anni, dove prende lezioni private di canto con Marco D'angelo e di pianoforte con Claudio Colasazza, senza farsi mancare i laboratori d'insieme, dove da vita ad una band con la quale gira per locali romani e non solo.<\/span>\n            <\/span>\n          <\/p>\n          <p>\n            <span style=\"font-size: 1.5rem; font-weight: 700;\">La forte voglia di scrivere canzoni lo porta a studiare alla Saint Louis College of Music con Alessandro Centofanti e all'Accademia Spettacolo Italia con i fratelli Piero e Massimo Calabrese.<\/span>\n          <\/p>\n          <h5>\n            <span style=\"font-weight: 700;\">Dopo il suo singolo d'esordio,<a class=\"u-active-none u-border-none u-btn u-button-style u-hover-none u-none u-text-palette-1-base u-btn-1\" href=\"https:\/\/www.youtube.com\/watch?v=ChWjCkuvc9Q\" rel=\"noopener noreferrer\" target=\"_blank\">\"FALENA\"<\/a>Gi\u00f2 Patti pubblica un secondo singolo dal titolo&nbsp;\n            <\/span>\n            <a class=\"u-active-none u-border-none u-btn u-button-style u-hover-none u-none u-text-palette-1-base u-btn-2\" href=\"https:\/\/www.youtube.com\/watch?v=UweBoT6zWZ8\" rel=\"noopener noreferrer\" target=\"_blank\">\n              <span style=\"font-weight: 700;\">\"Nisba\"<\/span>\n            <\/a>\n            <span style=\"font-weight: 700;\">e due successivi singoli dal titolo<\/span>\n            <a class=\"u-active-none u-border-none u-btn u-button-style u-hover-none u-none u-text-palette-1-base u-btn-3\" href=\"https:\/\/open.spotify.com\/album\/4bXRhsuxpZmMzM1z1CQJ4W?si=EZRD39zCRGqg-j5woOEM_w&amp;nd=1\">\n              <span style=\"font-weight: 700;\">\"Troppi diversi\"<\/span>\n            <\/a>\n            <span style=\"font-weight: 700;\">e<a class=\"u-active-none u-border-none u-btn u-button-style u-hover-none u-none u-text-palette-1-base u-btn-4\" href=\"https:\/\/www.youtube.com\/watch?v=JIGJqfR_k0E\">\"BUON NATALE A TE\"<\/a>\n            <\/span>\n          <\/h5>\n          <h5>\n            <span style=\"font-weight: 700;\">&nbsp;disponibile su<a class=\"u-active-none u-border-none u-btn u-button-style u-hover-none u-none u-text-palette-1-base u-btn-5\" href=\"https:\/\/open.spotify.com\/artist\/6TOJik4eClrzjQaadmuPqA?si=uAKbiWc8Ttm9xa4TzFw54w\" rel=\"noopener noreferrer\" target=\"_blank\">SPOTIFICA<\/a>e tutte le altre piattaforme digitali!\n            <\/span>\n          <\/h5>\n        <\/div>\n      <\/div>\n    <\/section>\n    <section class=\"u-align-center u-clearfix u-palette-1-base u-section-4\" id=\"sec-437a\">\n      <div class=\"u-clearfix u-sheet u-valign-middle-xs u-sheet-1\">\n        <div class=\"u-align-left u-expanded-width-sm u-expanded-width-xs u-video u-video-1\">\n          <div class=\"embed-responsive embed-responsive-1\">\n            <iframe style=\"position: absolute;top: 0;left: 0;width: 100%;height: 100%;\" class=\"embed-responsive-item\" src=\"https:\/\/www.youtube.com\/embed\/8lqEmjXNMY4?mute=0&amp;showinfo=0&amp;controls=0&amp;start=0\" frameborder=\"0\" allowfullscreen=\"\"><\/iframe>\n          <\/div>\n        <\/div>\n        <h2 class=\"u-text u-text-1\">\n          <font style=\"vertical-align: inherit;\">\n            <font style=\"vertical-align: inherit;\">\n              <font style=\"vertical-align: inherit;\">\n                <font style=\"vertical-align: inherit;\">\n                  <font style=\"vertical-align: inherit;\">\n                    <font style=\"vertical-align: inherit;\">\n                      <font style=\"vertical-align: inherit;\">\n                        <font style=\"vertical-align: inherit;\">EPK<\/font>\n                      <\/font>\n                    <\/font>\n                  <\/font>\n                <\/font>\n              <\/font>\n            <\/font>\n          <\/font>\n        <\/h2>\n      <\/div>\n    <\/section>\n    \n    \n    \n  \n","protected":false},"excerpt":{"rendered":"<p>Biografia di Gi\u00f2 Patti Cantautore e musicista poliedrico, comincia a vivere la sua pi\u00f9 grande passione all&#8217;et\u00e0 di 6 anni fingendo di suonare una chitarra che inizia a studiare all&#8217;et\u00e0 di 14 anni, insieme ad un&#8217;amica, con cui sogna di diventare un cantante professionista. Il suo interesse musicale spazia dal soul al blues, per il &hellip; <a href=\"https:\/\/www.giopatti.com\/?page_id=3853\" class=\"more-link\">Continue reading<span class=\"screen-reader-text\"> &#8220;Biografia&#8221;<\/span><\/a><\/p>\n","protected":false},"author":2,"featured_media":0,"parent":0,"menu_order":0,"comment_status":"closed","ping_status":"closed","template":"","meta":{"amp_status":"","footnotes":""},"class_list":["post-3853","page","type-page","status-publish","hentry"],"_links":{"self":[{"href":"https:\/\/www.giopatti.com\/index.php?rest_route=\/wp\/v2\/pages\/3853","targetHints":{"allow":["GET"]}}],"collection":[{"href":"https:\/\/www.giopatti.com\/index.php?rest_route=\/wp\/v2\/pages"}],"about":[{"href":"https:\/\/www.giopatti.com\/index.php?rest_route=\/wp\/v2\/types\/page"}],"author":[{"embeddable":true,"href":"https:\/\/www.giopatti.com\/index.php?rest_route=\/wp\/v2\/users\/2"}],"replies":[{"embeddable":true,"href":"https:\/\/www.giopatti.com\/index.php?rest_route=%2Fwp%2Fv2%2Fcomments&post=3853"}],"version-history":[{"count":21,"href":"https:\/\/www.giopatti.com\/index.php?rest_route=\/wp\/v2\/pages\/3853\/revisions"}],"predecessor-version":[{"id":4124,"href":"https:\/\/www.giopatti.com\/index.php?rest_route=\/wp\/v2\/pages\/3853\/revisions\/4124"}],"wp:attachment":[{"href":"https:\/\/www.giopatti.com\/index.php?rest_route=%2Fwp%2Fv2%2Fmedia&parent=3853"}],"curies":[{"name":"wp","href":"https:\/\/api.w.org\/{rel}","templated":true}]}}